{"id":109,"date":"2023-10-06T14:57:37","date_gmt":"2023-10-06T14:57:37","guid":{"rendered":"https:\/\/ecosdelmediterraneo.com\/?page_id=109"},"modified":"2024-11-08T16:34:07","modified_gmt":"2024-11-08T12:34:07","slug":"traditional-ties","status":"publish","type":"page","link":"https:\/\/ecosdelmediterraneo.com\/?page_id=109","title":{"rendered":"Select"},"content":{"rendered":"\n<div class=\"slider-wrapper relative\" id=\"slider-1242296318\" >\n    <div class=\"slider slider-type-fade slider-nav-circle slider-nav-large slider-nav-light slider-style-normal\"\n        data-flickity-options='{\n            \"cellAlign\": \"center\",\n            \"imagesLoaded\": true,\n            \"lazyLoad\": 1,\n            \"freeScroll\": false,\n            \"wrapAround\": true,\n            \"autoPlay\": 4000,\n            \"pauseAutoPlayOnHover\" : true,\n            \"prevNextButtons\": false,\n            \"contain\" : true,\n            \"adaptiveHeight\" : true,\n            \"dragThreshold\" : 10,\n            \"percentPosition\": true,\n            \"pageDots\": false,\n            \"rightToLeft\": false,\n            \"draggable\": true,\n            \"selectedAttraction\": 0.1,\n            \"parallax\" : 0,\n            \"friction\": 0.6        }'\n        >\n        \n\n\n  <div class=\"banner has-hover has-slide-effect slide-zoom-in\" id=\"banner-1767804889\">\n          <div class=\"banner-inner fill\">\n        <div class=\"banner-bg fill\" >\n            <div class=\"bg fill bg-fill \"><\/div>\n                        <div class=\"overlay\"><\/div>            \n                    <\/div>\n\t\t\n        <div class=\"banner-layers container\">\n            <div class=\"fill banner-link\"><\/div>            \n\n   <div id=\"text-box-647677055\" class=\"text-box banner-layer x50 md-x50 lg-x50 y10 md-y10 lg-y10 res-text\">\n                     <div data-animate=\"flipInY\">           <div class=\"text-box-content text dark\">\n              \n              <div class=\"text-inner text-center\">\n                  \n\n<h2 class=\"uppercase\" style=\"text-align: right;\"><strong><span style=\"font-size: 140%;\" data-line-height=\"xs\">select<\/span><\/strong><\/h2>\n<h3 class=\"lead uppercase\" style=\"text-align: right;\">buscamos proveedores por t\u00ed<\/h3>\n\n              <\/div>\n           <\/div>\n       <\/div>                     \n<style>\n#text-box-647677055 {\n  width: 88%;\n}\n#text-box-647677055 .text-box-content {\n  font-size: 100%;\n}\n@media (min-width:550px) {\n  #text-box-647677055 {\n    width: 100%;\n  }\n}\n<\/style>\n    <\/div>\n \n   <div id=\"text-box-503592608\" class=\"text-box banner-layer x50 md-x50 lg-x50 y65 md-y65 lg-y65 res-text\">\n                                <div class=\"text-box-content text dark\">\n              \n              <div class=\"text-inner text-center\">\n                  \n\n\t<div id=\"text-767089715\" class=\"text\">\n\t\t\n\n<p><span style=\"font-size: 250%;\">Te ayudamos a buscar lo que quieres<\/span><\/p>\n\t\t\n<style>\n#text-767089715 {\n  font-size: 0.75rem;\n  text-align: left;\n}\n<\/style>\n\t<\/div>\n\t\n\n              <\/div>\n           <\/div>\n                            \n<style>\n#text-box-503592608 {\n  width: 85%;\n}\n#text-box-503592608 .text-box-content {\n  font-size: 100%;\n}\n@media (min-width:550px) {\n  #text-box-503592608 {\n    width: 100%;\n  }\n}\n<\/style>\n    <\/div>\n \n\n        <\/div>\n      <\/div>\n\n            \n<style>\n#banner-1767804889 {\n  padding-top: 600px;\n}\n#banner-1767804889 .bg.bg-loaded {\n  background-image: url(https:\/\/ecosdelmediterraneo.com\/wp-content\/uploads\/2023\/10\/Planning-04.jpeg);\n}\n#banner-1767804889 .overlay {\n  background-color: rgba(0, 0, 0, 0.02);\n}\n#banner-1767804889 .bg {\n  background-position: 38% 68%;\n}\n<\/style>\n  <\/div>\n\n\n\n  <div class=\"banner has-hover has-slide-effect slide-zoom-in\" id=\"banner-1187874161\">\n          <div class=\"banner-inner fill\">\n        <div class=\"banner-bg fill\" >\n            <div class=\"bg fill bg-fill \"><\/div>\n                        <div class=\"overlay\"><\/div>            \n                    <\/div>\n\t\t\n        <div class=\"banner-layers container\">\n            <div class=\"fill banner-link\"><\/div>            \n\n   <div id=\"text-box-1681092967\" class=\"text-box banner-layer x50 md-x50 lg-x50 y10 md-y10 lg-y10 res-text\">\n                     <div data-animate=\"flipInX\">           <div class=\"text-box-content text dark\">\n              \n              <div class=\"text-inner text-center\">\n                  \n\n<h2 class=\"uppercase\" style=\"text-align: right;\"><span style=\"color: #800000;\"><strong><span style=\"font-size: 140%;\" data-line-height=\"xs\">select<\/span><\/strong><\/span><\/h2>\n<h3 class=\"lead uppercase\" style=\"text-align: right;\"><span style=\"color: #800000;\">b\u00fasqueda de proveedores<\/span><\/h3>\n\n              <\/div>\n           <\/div>\n       <\/div>                     \n<style>\n#text-box-1681092967 {\n  width: 95%;\n}\n#text-box-1681092967 .text-box-content {\n  font-size: 100%;\n}\n@media (min-width:550px) {\n  #text-box-1681092967 {\n    width: 100%;\n  }\n}\n<\/style>\n    <\/div>\n \n   <div id=\"text-box-672696209\" class=\"text-box banner-layer x50 md-x50 lg-x50 y65 md-y65 lg-y65 res-text\">\n                                <div class=\"text-box-content text dark\">\n              \n              <div class=\"text-inner text-center\">\n                  \n\n\t<div id=\"text-3869226362\" class=\"text\">\n\t\t\n\n<p><span style=\"font-size: 250%; color: #800000;\">Te ayudamos a buscar lo que quieres<\/span><\/p>\n\t\t\n<style>\n#text-3869226362 {\n  font-size: 0.75rem;\n  text-align: left;\n}\n<\/style>\n\t<\/div>\n\t\n\n              <\/div>\n           <\/div>\n                            \n<style>\n#text-box-672696209 {\n  width: 83%;\n}\n#text-box-672696209 .text-box-content {\n  font-size: 100%;\n}\n@media (min-width:550px) {\n  #text-box-672696209 {\n    width: 100%;\n  }\n}\n<\/style>\n    <\/div>\n \n\n        <\/div>\n      <\/div>\n\n            \n<style>\n#banner-1187874161 {\n  padding-top: 600px;\n}\n#banner-1187874161 .bg.bg-loaded {\n  background-image: url(https:\/\/ecosdelmediterraneo.com\/wp-content\/uploads\/2023\/11\/Catering-09.jpeg);\n}\n#banner-1187874161 .overlay {\n  background-color: rgba(0, 0, 0, 0.02);\n}\n#banner-1187874161 .bg {\n  background-position: 4% 80%;\n}\n<\/style>\n  <\/div>\n\n\n\n     <\/div>\n\n     <div class=\"loading-spin dark large centered\"><\/div>\n\n\t<\/div>\n\n\n<div class=\"row row-full-width\"  id=\"row-1754508114\">\n\n\n\t<div id=\"col-2146755409\" class=\"col medium-4 small-12 large-4\"  >\n\t\t\t\t<div class=\"col-inner\"  >\n\t\t\t\n\t\t\t\n\n\n  <div class=\"banner has-hover bg-zoom-fade\" id=\"banner-427580255\">\n          <div class=\"banner-inner fill\">\n        <div class=\"banner-bg fill\" >\n            <div class=\"bg fill bg-fill \"><\/div>\n                                    \n                    <\/div>\n\t\t\n        <div class=\"banner-layers container\">\n            <a class=\"fill\" href=\"https:\/\/ecosdelmediterraneo.com\/?page_id=100\" ><div class=\"fill banner-link\"><\/div><\/a>            \n\n   <div id=\"text-box-712403326\" class=\"text-box banner-layer x50 md-x50 lg-x50 y50 md-y50 lg-y50 res-text\">\n                                <div class=\"text-box-content text dark text-shadow-4\">\n              \n              <div class=\"text-inner text-center\">\n                  \n\n<h1><a href=\"https:\/\/ecosdelmediterraneo.com\/?page_id=100\"><span style=\"font-family: seaways; font-size: 100%;\">Signature<\/span><\/a><\/h1>\n\n              <\/div>\n           <\/div>\n                            \n<style>\n#text-box-712403326 {\n  width: 100%;\n}\n#text-box-712403326 .text-box-content {\n  font-size: 100%;\n}\n@media (min-width:550px) {\n  #text-box-712403326 {\n    width: 60%;\n  }\n}\n<\/style>\n    <\/div>\n \n   <div id=\"text-box-583939107\" class=\"text-box banner-layer x0 md-x0 lg-x0 y0 md-y0 lg-y0 res-text\">\n                                <div class=\"text-box-content text dark\">\n              \n              <div class=\"text-inner text-center\">\n                  \n\n<p><span style=\"font-family: arial, helvetica, sans-serif; font-size: 200%;\">Servicio Premium Taylor-Made<\/span><\/p>\n\n              <\/div>\n           <\/div>\n                            \n<style>\n#text-box-583939107 {\n  width: 100%;\n}\n#text-box-583939107 .text-box-content {\n  font-size: 100%;\n}\n@media (min-width:550px) {\n  #text-box-583939107 {\n    width: 60%;\n  }\n}\n<\/style>\n    <\/div>\n \n\n        <\/div>\n      <\/div>\n\n            \n<style>\n#banner-427580255 {\n  padding-top: 200px;\n}\n#banner-427580255 .bg.bg-loaded {\n  background-image: url(https:\/\/ecosdelmediterraneo.com\/wp-content\/uploads\/2024\/10\/Mesa-33.jpg);\n}\n#banner-427580255 .bg {\n  background-position: 0% 89%;\n}\n<\/style>\n  <\/div>\n\n\n\n\t\t<\/div>\n\t\t\t\t\t<\/div>\n\n\t\n\n\t<div id=\"col-235215919\" class=\"col medium-4 small-12 large-4\"  >\n\t\t\t\t<div class=\"col-inner\"  >\n\t\t\t\n\t\t\t\n\n\n  <div class=\"banner has-hover bg-zoom-fade\" id=\"banner-1772277477\">\n          <div class=\"banner-inner fill\">\n        <div class=\"banner-bg fill\" >\n            <div class=\"bg fill bg-fill \"><\/div>\n                                    \n                    <\/div>\n\t\t\n        <div class=\"banner-layers container\">\n            <a class=\"fill\" href=\"https:\/\/ecosdelmediterraneo.com\/?page_id=633\" ><div class=\"fill banner-link\"><\/div><\/a>            \n\n   <div id=\"text-box-1188791940\" class=\"text-box banner-layer x50 md-x50 lg-x50 y50 md-y50 lg-y50 res-text\">\n                                <div class=\"text-box-content text dark text-shadow-4\">\n              \n              <div class=\"text-inner text-center\">\n                  \n\n<h1><a href=\"https:\/\/ecosdelmediterraneo.com\/?page_id=633\"><span style=\"font-family: seaways; font-size: 100%;\">Harmony<\/span><\/a><\/h1>\n\n              <\/div>\n           <\/div>\n                            \n<style>\n#text-box-1188791940 {\n  width: 100%;\n}\n#text-box-1188791940 .text-box-content {\n  font-size: 100%;\n}\n@media (min-width:550px) {\n  #text-box-1188791940 {\n    width: 60%;\n  }\n}\n<\/style>\n    <\/div>\n \n   <div id=\"text-box-1761041680\" class=\"text-box banner-layer x0 md-x0 lg-x0 y0 md-y0 lg-y0 res-text\">\n                                <div class=\"text-box-content text dark\">\n              \n              <div class=\"text-inner text-center\">\n                  \n\n<p><span style=\"font-family: arial, helvetica, sans-serif; font-size: 200%;\">Coordinaci\u00f3n de la Boda<\/span><\/p>\n\n              <\/div>\n           <\/div>\n                            \n<style>\n#text-box-1761041680 {\n  width: 100%;\n}\n#text-box-1761041680 .text-box-content {\n  font-size: 100%;\n}\n@media (min-width:550px) {\n  #text-box-1761041680 {\n    width: 60%;\n  }\n}\n<\/style>\n    <\/div>\n \n\n        <\/div>\n      <\/div>\n\n            \n<style>\n#banner-1772277477 {\n  padding-top: 200px;\n}\n#banner-1772277477 .bg.bg-loaded {\n  background-image: url(https:\/\/ecosdelmediterraneo.com\/wp-content\/uploads\/2024\/10\/Castillo-Almodovar-3-1024x683.jpg);\n}\n<\/style>\n  <\/div>\n\n\n\n\t\t<\/div>\n\t\t\t\t\t<\/div>\n\n\t\n\n\t<div id=\"col-1477346018\" class=\"col medium-4 small-12 large-4\"  >\n\t\t\t\t<div class=\"col-inner\"  >\n\t\t\t\n\t\t\t\n\n\n  <div class=\"banner has-hover bg-zoom-fade\" id=\"banner-1530233087\">\n          <div class=\"banner-inner fill\">\n        <div class=\"banner-bg fill\" >\n            <div class=\"bg fill bg-fill \"><\/div>\n                                    \n                    <\/div>\n\t\t\n        <div class=\"banner-layers container\">\n            <a class=\"fill\" href=\"https:\/\/ecosdelmediterraneo.com\/?page_id=109\" ><div class=\"fill banner-link\"><\/div><\/a>            \n\n   <div id=\"text-box-617975063\" class=\"text-box banner-layer x50 md-x50 lg-x50 y50 md-y50 lg-y50 res-text\">\n                                <div class=\"text-box-content text dark text-shadow-4\">\n              \n              <div class=\"text-inner text-center\">\n                  \n\n<h1><a href=\"https:\/\/ecosdelmediterraneo.com\/?page_id=109\"><span style=\"font-family: seaways; font-size: 100%;\">Select<\/span><\/a><\/h1>\n\n              <\/div>\n           <\/div>\n                            \n<style>\n#text-box-617975063 {\n  width: 100%;\n}\n#text-box-617975063 .text-box-content {\n  font-size: 100%;\n}\n@media (min-width:550px) {\n  #text-box-617975063 {\n    width: 60%;\n  }\n}\n<\/style>\n    <\/div>\n \n   <div id=\"text-box-1202388029\" class=\"text-box banner-layer x0 md-x0 lg-x0 y0 md-y0 lg-y0 res-text\">\n                                <div class=\"text-box-content text dark\">\n              \n              <div class=\"text-inner text-center\">\n                  \n\n<p><span style=\"font-family: arial, helvetica, sans-serif; font-size: 200%;\">Gesti\u00f3n de Proveedores<\/span><\/p>\n\n              <\/div>\n           <\/div>\n                            \n<style>\n#text-box-1202388029 {\n  width: 100%;\n}\n#text-box-1202388029 .text-box-content {\n  font-size: 100%;\n}\n@media (min-width:550px) {\n  #text-box-1202388029 {\n    width: 60%;\n  }\n}\n<\/style>\n    <\/div>\n \n\n        <\/div>\n      <\/div>\n\n            \n<style>\n#banner-1530233087 {\n  padding-top: 200px;\n}\n#banner-1530233087 .bg.bg-loaded {\n  background-image: url(https:\/\/ecosdelmediterraneo.com\/wp-content\/uploads\/2024\/10\/Peluqueria-01.jpeg);\n}\n<\/style>\n  <\/div>\n\n\n\n\t\t<\/div>\n\t\t\t\t\t<\/div>\n\n\t\n\n<\/div>\n\n  \n    <div class=\"row large-columns-4 medium-columns-3 small-columns-2 row-small slider row-slider slider-nav-reveal slider-nav-push\"  data-flickity-options='{\"imagesLoaded\": true, \"groupCells\": \"100%\", \"dragThreshold\" : 5, \"cellAlign\": \"left\",\"wrapAround\": true,\"prevNextButtons\": true,\"percentPosition\": true,\"pageDots\": false, \"rightToLeft\": false, \"autoPlay\" : false}' >\n\n  \t<\/div>\n\n<div class=\"row\"  id=\"row-263620977\">\n\n\n\t<div id=\"col-1770338700\" class=\"col medium-6 small-12 large-6\"  >\n\t\t\t\t<div class=\"col-inner\"  >\n\t\t\t\n\t\t\t\n\n<h3>\u00a1\u00a1Ayuda, Ayuda!!<\/h3>\n<p>Ayuda puntual en todo lo que puedas necesitar durante el proceso de organizaci\u00f3n de la boda.<\/p>\n<p>En una boda existen no menos de 100 \u00edtems, desde el Dj, luces, vestido, locaci\u00f3n, vestimenta de padrinos y madrinas, fotograf\u00eda y video, catering, decoraci\u00f3n floral, b\u00fasqueda de florister\u00eda, selecci\u00f3n del ramo de novia, el catering, la manteler\u00eda, etc.<\/p>\n<p>\u00bfTe faltan cosas? \u00bflo que encuentras no te cuadra? Te ayudamos&#8230;<\/p>\n<p>\u00a0<\/p>\n\n\t\t<\/div>\n\t\t\t\t\t<\/div>\n\n\t\n\n\t<div id=\"col-1847496617\" class=\"col medium-6 small-12 large-6\"  >\n\t\t\t\t<div class=\"col-inner\"  >\n\t\t\t\n\t\t\t\n\n\t<div class=\"img has-hover x md-x lg-x y md-y lg-y\" id=\"image_1194881510\">\n\t\t\t\t\t\t\t\t<div class=\"img-inner dark\" >\n\t\t\t<img loading=\"lazy\" decoding=\"async\" width=\"2560\" height=\"1707\" src=\"https:\/\/ecosdelmediterraneo.com\/wp-content\/uploads\/2023\/11\/pexels-carsten-vollrath-11543452-scaled.jpg\" class=\"attachment-original size-original\" alt=\"\" srcset=\"https:\/\/ecosdelmediterraneo.com\/wp-content\/uploads\/2023\/11\/pexels-carsten-vollrath-11543452-scaled.jpg 2560w, https:\/\/ecosdelmediterraneo.com\/wp-content\/uploads\/2023\/11\/pexels-carsten-vollrath-11543452-300x200.jpg 300w, https:\/\/ecosdelmediterraneo.com\/wp-content\/uploads\/2023\/11\/pexels-carsten-vollrath-11543452-1024x683.jpg 1024w, https:\/\/ecosdelmediterraneo.com\/wp-content\/uploads\/2023\/11\/pexels-carsten-vollrath-11543452-768x512.jpg 768w, https:\/\/ecosdelmediterraneo.com\/wp-content\/uploads\/2023\/11\/pexels-carsten-vollrath-11543452-1536x1024.jpg 1536w, https:\/\/ecosdelmediterraneo.com\/wp-content\/uploads\/2023\/11\/pexels-carsten-vollrath-11543452-2048x1365.jpg 2048w, https:\/\/ecosdelmediterraneo.com\/wp-content\/uploads\/2023\/11\/pexels-carsten-vollrath-11543452-1320x880.jpg 1320w, https:\/\/ecosdelmediterraneo.com\/wp-content\/uploads\/2023\/11\/pexels-carsten-vollrath-11543452-600x400.jpg 600w\" sizes=\"auto, (max-width: 2560px) 100vw, 2560px\" \/>\t\t\t\t\t\t\n\t\t\t\t\t<\/div>\n\t\t\t\t\t\t\t\t\n<style>\n#image_1194881510 {\n  width: 100%;\n}\n<\/style>\n\t<\/div>\n\t\n\n\n\t\t<\/div>\n\t\t\t\t\t<\/div>\n\n\t\n\n<\/div>\n\t<div id=\"gap-410858039\" class=\"gap-element clearfix\" style=\"display:block; height:auto;\">\n\t\t\n<style>\n#gap-410858039 {\n  padding-top: 80px;\n}\n<\/style>\n\t<\/div>\n\t\n\n\t<section class=\"section dark\" id=\"section_648019818\">\n\t\t<div class=\"bg section-bg fill bg-fill  bg-loaded\" >\n\n\t\t\t\n\t\t\t\n\t\t\t\n\n\t\t<\/div>\n\n\t\t\n\n\t\t<div class=\"section-content relative\">\n\t\t\t\n\n<div class=\"row\"  id=\"row-1881591730\">\n\n\n\t<div id=\"col-1759839207\" class=\"col small-12 large-12\"  >\n\t\t\t\t<div class=\"col-inner\" style=\"background-color:#446084;\" >\n\t\t\t\n\t\t\t\n\n<div class=\"slider-wrapper relative\" id=\"slider-1977186735\" >\n    <div class=\"slider slider-nav-dots-square slider-nav-simple slider-nav-normal slider-nav-light slider-style-normal\"\n        data-flickity-options='{\n            \"cellAlign\": \"center\",\n            \"imagesLoaded\": true,\n            \"lazyLoad\": 1,\n            \"freeScroll\": false,\n            \"wrapAround\": true,\n            \"autoPlay\": 6000,\n            \"pauseAutoPlayOnHover\" : true,\n            \"prevNextButtons\": true,\n            \"contain\" : true,\n            \"adaptiveHeight\" : true,\n            \"dragThreshold\" : 10,\n            \"percentPosition\": true,\n            \"pageDots\": false,\n            \"rightToLeft\": false,\n            \"draggable\": true,\n            \"selectedAttraction\": 0.1,\n            \"parallax\" : 0,\n            \"friction\": 0.6        }'\n        >\n        \n\n<div class=\"row align-center\"  id=\"row-1333856773\">\n\n\n\t<div id=\"col-2070686582\" class=\"col medium-10 small-11 large-11\"  >\n\t\t\t\t<div class=\"col-inner text-center\"  >\n\t\t\t\n\t\t\t\n\n\n\t\t<div class=\"icon-box featured-box circle icon-box-center text-center\"  >\n\t\t\t\t<div class=\"icon-box-text last-reset\">\n\t\t\t\t\t\t\t\t\t\n\n<p><em>\u00abTodo ha salido perfecto en nuestra boda gracias a Maria y a Maxi, se han encargado de conseguirnos proveedores, comunicarse con ellos, ha estado ah\u00ed atenta a cualquier necesidad que hemos tenido, y lo ha orquestado todo de forma incre\u00edble. 100% recomendable y esencial para tener una boda perfecta sin perder la cabeza en el intento\u00bb<\/em><\/p>\n\n\t\t<\/div>\n\t<\/div>\n\t\n\t\n<div class=\"is-divider divider clearfix\" style=\"height:2px;\"><\/div>\n\n<h6>Patricia C.<\/h6>\n\n\t\t<\/div>\n\t\t\t\t\t<\/div>\n\n\t\n\n<\/div>\n<div class=\"row align-center\"  id=\"row-1832265547\">\n\n\n\t<div id=\"col-993769992\" class=\"col medium-10 small-11 large-12\"  >\n\t\t\t\t<div class=\"col-inner text-center\"  >\n\t\t\t\n\t\t\t\n\n\n\t\t<div class=\"icon-box featured-box circle icon-box-center text-center\"  >\n\t\t\t\t<div class=\"icon-box-text last-reset\">\n\t\t\t\t\t\t\t\t\t\n\n<p><em>\u00abEstuve en una boda organizada por ella y todo resulto fantastico , estuvo pendiente de todos los detalles e hizo que todo el mundo se sintiera protagonista. Sin ninguna duda la mejor boda a la que he asistido\u00bb<\/em><\/p>\n\n\t\t<\/div>\n\t<\/div>\n\t\n\t\n<div class=\"is-divider divider clearfix\" style=\"height:2px;\"><\/div>\n\n<h6>Elena L.<\/h6>\n\n\t\t<\/div>\n\t\t\t\t\t<\/div>\n\n\t\n\n<\/div>\n<div class=\"row align-center\"  id=\"row-868831703\">\n\n\n\t<div id=\"col-1470683419\" class=\"col medium-10 small-11 large-12\"  >\n\t\t\t\t<div class=\"col-inner text-center\"  >\n\t\t\t\n\t\t\t\n\n\n\t\t<div class=\"icon-box featured-box circle icon-box-center text-center\"  >\n\t\t\t\t<div class=\"icon-box-text last-reset\">\n\t\t\t\t\t\t\t\t\t\n\n<p><em>\u00abSupimos que erais lo que busc\u00e1bamos desde el primer momento, profesionales, amables, cercanos, con ideas y gusto para hacer el evento, solo podemos daros las gracias Grupo Adaya por ayudarnos a programar nuestra boda y que fuese un \u00e9xito\u00bb<\/em><\/p>\n\n\t\t<\/div>\n\t<\/div>\n\t\n\t\n<div class=\"is-divider divider clearfix\" style=\"height:2px;\"><\/div>\n\n<h6>Mart\u00edn v.<\/h6>\n\n\t\t<\/div>\n\t\t\t\t\t<\/div>\n\n\t\n\n<\/div>\n<div class=\"row align-center\"  id=\"row-1500510143\">\n\n\n\t<div id=\"col-1184901935\" class=\"col medium-10 small-11 large-12\"  >\n\t\t\t\t<div class=\"col-inner text-center\"  >\n\t\t\t\n\t\t\t\n\n\n\t\t<div class=\"icon-box featured-box circle icon-box-center text-center\"  >\n\t\t\t\t<div class=\"icon-box-text last-reset\">\n\t\t\t\t\t\t\t\t\t\n\n<p><em>\u00abSolo tenemos palabras de alabanza para con Ecos del Mediterr\u00e1neo. Hicieron que nuestro gran d\u00eda fuera maravilloso. En todo momento estuvisteis ah\u00ed, trasmitiendo tranquilidad, pese a los nervios y en los preparativos, atentos y profesionales para que todo fuera a nuestro gusto. Gracias.\u00bb<\/em><\/p>\n\n\t\t<\/div>\n\t<\/div>\n\t\n\t\n<div class=\"is-divider divider clearfix\" style=\"height:2px;\"><\/div>\n\n<h6>agust\u00edn b.<\/h6>\n\n\t\t<\/div>\n\t\t\t\t\t<\/div>\n\n\t\n\n<\/div>\n\n     <\/div>\n\n     <div class=\"loading-spin dark large centered\"><\/div>\n\n\t<\/div>\n\n\n\n\t\t<\/div>\n\t\t\t\t\n<style>\n#col-1759839207 > .col-inner {\n  padding: 5% 0px 0px 0px;\n  margin: -170px 0px 0px 0px;\n}\n<\/style>\n\t<\/div>\n\n\t\n\n\n<style>\n#row-1881591730 > .col > .col-inner {\n  background-color: #2e36ff;\n}\n<\/style>\n<\/div>\n\n\t\t<\/div>\n\n\t\t\n<style>\n#section_648019818 {\n  padding-top: 70px;\n  padding-bottom: 70px;\n  background-color: rgb(255, 255, 255);\n}\n<\/style>\n\t<\/section>\n\t\n\n","protected":false},"excerpt":{"rendered":"","protected":false},"author":1,"featured_media":0,"parent":0,"menu_order":0,"comment_status":"closed","ping_status":"closed","template":"page-blank.php","meta":{"footnotes":""},"class_list":["post-109","page","type-page","status-publish","hentry"],"jetpack_sharing_enabled":true,"_links":{"self":[{"href":"https:\/\/ecosdelmediterraneo.com\/index.php?rest_route=\/wp\/v2\/pages\/109","targetHints":{"allow":["GET"]}}],"collection":[{"href":"https:\/\/ecosdelmediterraneo.com\/index.php?rest_route=\/wp\/v2\/pages"}],"about":[{"href":"https:\/\/ecosdelmediterraneo.com\/index.php?rest_route=\/wp\/v2\/types\/page"}],"author":[{"embeddable":true,"href":"https:\/\/ecosdelmediterraneo.com\/index.php?rest_route=\/wp\/v2\/users\/1"}],"replies":[{"embeddable":true,"href":"https:\/\/ecosdelmediterraneo.com\/index.php?rest_route=%2Fwp%2Fv2%2Fcomments&post=109"}],"version-history":[{"count":43,"href":"https:\/\/ecosdelmediterraneo.com\/index.php?rest_route=\/wp\/v2\/pages\/109\/revisions"}],"predecessor-version":[{"id":781,"href":"https:\/\/ecosdelmediterraneo.com\/index.php?rest_route=\/wp\/v2\/pages\/109\/revisions\/781"}],"wp:attachment":[{"href":"https:\/\/ecosdelmediterraneo.com\/index.php?rest_route=%2Fwp%2Fv2%2Fmedia&parent=109"}],"curies":[{"name":"wp","href":"https:\/\/api.w.org\/{rel}","templated":true}]}}