{"id":62,"date":"2023-10-04T12:29:32","date_gmt":"2023-10-04T12:29:32","guid":{"rendered":"https:\/\/ecosdelmediterraneo.com\/?page_id=62"},"modified":"2024-07-30T22:02:21","modified_gmt":"2024-07-30T18:02:21","slug":"servicios","status":"publish","type":"page","link":"https:\/\/ecosdelmediterraneo.com\/?page_id=62","title":{"rendered":"Servicios"},"content":{"rendered":"\n<div class=\"slider-wrapper relative\" id=\"slider-58346618\" >\n    <div class=\"slider slider-nav-circle slider-nav-large slider-nav-light slider-style-normal\"\n        data-flickity-options='{\n            \"cellAlign\": \"center\",\n            \"imagesLoaded\": true,\n            \"lazyLoad\": 1,\n            \"freeScroll\": false,\n            \"wrapAround\": true,\n            \"autoPlay\": 4000,\n            \"pauseAutoPlayOnHover\" : true,\n            \"prevNextButtons\": false,\n            \"contain\" : true,\n            \"adaptiveHeight\" : true,\n            \"dragThreshold\" : 10,\n            \"percentPosition\": true,\n            \"pageDots\": false,\n            \"rightToLeft\": false,\n            \"draggable\": true,\n            \"selectedAttraction\": 0.1,\n            \"parallax\" : 0,\n            \"friction\": 0.6        }'\n        >\n        \n\n\n  <div class=\"banner has-hover is-full-height\" id=\"banner-1868731903\">\n          <div class=\"banner-inner fill\">\n        <div class=\"banner-bg fill\" >\n            <div class=\"bg fill bg-fill \"><\/div>\n                        <div class=\"overlay\"><\/div>            \n                    <\/div>\n\t\t\n        <div class=\"banner-layers container\">\n            <div class=\"fill banner-link\"><\/div>            \n\n   <div id=\"text-box-2085253701\" class=\"text-box banner-layer x0 md-x100 lg-x100 y50 md-y50 lg-y50 res-text\">\n              <div data-parallax=\"-1\" data-parallax-fade=\"true\">       <div data-animate=\"bounceIn\">           <div class=\"text-box-content text dark\">\n              \n              <div class=\"text-inner text-center\">\n                  \n\n<h2 class=\"uppercase\" style=\"text-align: right;\"><strong><span style=\"font-size: 200%;\" data-line-height=\"xs\">nuestros servicios<\/span><\/strong><\/h2>\n<h3 class=\"lead uppercase\" style=\"text-align: right;\">para todos los presupuestos<\/h3>\n\n              <\/div>\n           <\/div>\n       <\/div>       <\/div>              \n<style>\n#text-box-2085253701 {\n  width: 80%;\n}\n#text-box-2085253701 .text-box-content {\n  font-size: 100%;\n}\n@media (min-width:550px) {\n  #text-box-2085253701 {\n    width: 56%;\n  }\n}\n<\/style>\n    <\/div>\n \n\n        <\/div>\n      <\/div>\n\n            \n<style>\n#banner-1868731903 {\n  padding-top: 100%;\n}\n#banner-1868731903 .bg.bg-loaded {\n  background-image: url(https:\/\/ecosdelmediterraneo.com\/wp-content\/uploads\/2023\/10\/Planning-12-1024x744.jpg);\n}\n#banner-1868731903 .overlay {\n  background-color: rgba(0, 0, 0, 0.31);\n}\n#banner-1868731903 .bg {\n  background-position: 11% 76%;\n}\n@media (min-width:550px) {\n  #banner-1868731903 {\n    padding-top: 100%;\n  }\n}\n<\/style>\n  <\/div>\n\n\n\n  <div class=\"banner has-hover is-full-height\" id=\"banner-551146211\">\n          <div class=\"banner-inner fill\">\n        <div class=\"banner-bg fill\" >\n            <div class=\"bg fill bg-fill \"><\/div>\n                        <div class=\"overlay\"><\/div>            \n                    <\/div>\n\t\t\n        <div class=\"banner-layers container\">\n            <div class=\"fill banner-link\"><\/div>            \n\n   <div id=\"text-box-1851526945\" class=\"text-box banner-layer x5 md-x100 lg-x100 y50 md-y50 lg-y50 res-text\">\n              <div data-parallax=\"-1\" data-parallax-fade=\"true\">       <div data-animate=\"fadeInUp\">           <div class=\"text-box-content text dark\">\n              \n              <div class=\"text-inner text-left\">\n                  \n\n<h2 class=\"uppercase\" style=\"text-align: right;\"><strong><span style=\"font-size: 200%;\" data-line-height=\"xs\">nuestros servicios<\/span><\/strong><\/h2>\n<h3 class=\"lead uppercase\" style=\"text-align: right;\">para todos los presupuestos<\/h3>\n\n              <\/div>\n           <\/div>\n       <\/div>       <\/div>              \n<style>\n#text-box-1851526945 {\n  width: 77%;\n}\n#text-box-1851526945 .text-box-content {\n  font-size: 100%;\n}\n@media (min-width:550px) {\n  #text-box-1851526945 {\n    width: 54%;\n  }\n}\n<\/style>\n    <\/div>\n \n\n        <\/div>\n      <\/div>\n\n            \n<style>\n#banner-551146211 {\n  padding-top: 100%;\n}\n#banner-551146211 .bg.bg-loaded {\n  background-image: url(https:\/\/ecosdelmediterraneo.com\/wp-content\/uploads\/2023\/10\/Planning-02.jpeg);\n}\n#banner-551146211 .overlay {\n  background-color: rgba(0, 0, 0, 0.13);\n}\n#banner-551146211 .bg {\n  background-position: 6% 100%;\n}\n<\/style>\n  <\/div>\n\n\n\n     <\/div>\n\n     <div class=\"loading-spin dark large centered\"><\/div>\n\n\t<\/div>\n\n\n\t<section class=\"section\" id=\"section_886047245\">\n\t\t<div class=\"bg section-bg fill bg-fill  bg-loaded\" >\n\n\t\t\t\n\t\t\t\n\t\t\t\n\n\t\t<\/div>\n\n\t\t\n\n\t\t<div class=\"section-content relative\">\n\t\t\t\n\n<div class=\"row\"  id=\"row-1868151014\">\n\n\n\t<div id=\"col-109503485\" class=\"col medium-4 small-12 large-4\"  >\n\t\t\t\t<div class=\"col-inner\"  >\n\t\t\t\n\t\t\t\n\n\n  <div class=\"banner has-hover\" id=\"banner-1348652198\">\n          <div class=\"banner-inner fill\">\n        <div class=\"banner-bg fill\" >\n            <div class=\"bg fill bg-fill \"><\/div>\n                        <div class=\"overlay\"><\/div>            \n                    <\/div>\n\t\t\n        <div class=\"banner-layers container\">\n            <a class=\"fill\" href=\"https:\/\/ecosdelmediterraneo.com\/?page_id=244\" ><div class=\"fill banner-link\"><\/div><\/a>            \n\n   <div id=\"text-box-311254356\" class=\"text-box banner-layer x0 md-x0 lg-x0 y80 md-y80 lg-y80 res-text\">\n                                <div class=\"text-box-content text dark\">\n              \n              <div class=\"text-inner text-center\">\n                  \n\n\t<div id=\"text-1992900422\" class=\"text\">\n\t\t\n\n<h4 class=\"uppercase\">CL\u00c1SICAS \/ ESPECIALES \/ TEM\u00c1TICAS<\/h4>\n<h2 class=\"uppercase\"><span style=\"font-size: 95%;\"><strong>BODAS<\/strong><\/span><\/h2>\n\t\t\n<style>\n#text-1992900422 {\n  text-align: center;\n}\n<\/style>\n\t<\/div>\n\t\n\n              <\/div>\n           <\/div>\n                            \n<style>\n#text-box-311254356 {\n  width: 100%;\n}\n#text-box-311254356 .text-box-content {\n  font-size: 100%;\n}\n<\/style>\n    <\/div>\n \n\n        <\/div>\n      <\/div>\n\n            \n<style>\n#banner-1348652198 {\n  padding-top: 200px;\n}\n#banner-1348652198 .bg.bg-loaded {\n  background-image: url(https:\/\/ecosdelmediterraneo.com\/wp-content\/uploads\/2023\/10\/Novios-10.jpeg);\n}\n#banner-1348652198 .overlay {\n  background-color: rgba(0, 0, 0, 0.2);\n}\n#banner-1348652198 .bg {\n  background-position: 100% 88%;\n}\n<\/style>\n  <\/div>\n\n\n\n\t\t<\/div>\n\t\t\t\t\t<\/div>\n\n\t\n\n\t<div id=\"col-764750573\" class=\"col medium-4 small-12 large-4\"  >\n\t\t\t\t<div class=\"col-inner\"  >\n\t\t\t\n\t\t\t\n\n\n  <div class=\"banner has-hover\" id=\"banner-1739676999\">\n          <div class=\"banner-inner fill\">\n        <div class=\"banner-bg fill\" >\n            <div class=\"bg fill bg-fill \"><\/div>\n                        <div class=\"overlay\"><\/div>            \n                    <\/div>\n\t\t\n        <div class=\"banner-layers container\">\n            <a class=\"fill\" href=\"https:\/\/ecosdelmediterraneo.com\/?page_id=259\" ><div class=\"fill banner-link\"><\/div><\/a>            \n\n   <div id=\"text-box-2099249969\" class=\"text-box banner-layer x0 md-x0 lg-x0 y80 md-y80 lg-y80 res-text\">\n                                <div class=\"text-box-content text dark\">\n              \n              <div class=\"text-inner text-center\">\n                  \n\n<h4 class=\"uppercase\">BAUTIZOS \/ COMUNIONES \/ MITZVAHS<\/h4>\n<h2 class=\"uppercase\"><span style=\"font-size: 95%;\"><strong>EVENTOS SOCIALES<\/strong><\/span><\/h2>\n\n              <\/div>\n           <\/div>\n                            \n<style>\n#text-box-2099249969 {\n  width: 100%;\n}\n#text-box-2099249969 .text-box-content {\n  font-size: 100%;\n}\n<\/style>\n    <\/div>\n \n\n        <\/div>\n      <\/div>\n\n            \n<style>\n#banner-1739676999 {\n  padding-top: 200px;\n}\n#banner-1739676999 .bg.bg-loaded {\n  background-image: url(https:\/\/ecosdelmediterraneo.com\/wp-content\/uploads\/2023\/10\/Bautismo-01.jpeg);\n}\n#banner-1739676999 .overlay {\n  background-color: rgba(0, 0, 0, 0.2);\n}\n<\/style>\n  <\/div>\n\n\n\n\t\t<\/div>\n\t\t\t\t\t<\/div>\n\n\t\n\n\t<div id=\"col-762111119\" class=\"col medium-4 small-12 large-4\"  >\n\t\t\t\t<div class=\"col-inner\"  >\n\t\t\t\n\t\t\t\n\n\n  <div class=\"banner has-hover\" id=\"banner-1281777511\">\n          <div class=\"banner-inner fill\">\n        <div class=\"banner-bg fill\" >\n            <div class=\"bg fill bg-fill \"><\/div>\n                        <div class=\"overlay\"><\/div>            \n                    <\/div>\n\t\t\n        <div class=\"banner-layers container\">\n            <a class=\"fill\" href=\"https:\/\/ecosdelmediterraneo.com\/?page_id=277\" ><div class=\"fill banner-link\"><\/div><\/a>            \n\n   <div id=\"text-box-1042289267\" class=\"text-box banner-layer x50 md-x50 lg-x50 y80 md-y80 lg-y80 res-text\">\n                                <div class=\"text-box-content text dark\">\n              \n              <div class=\"text-inner text-center\">\n                  \n\n<h4 class=\"uppercase\">CONFERENCIAS \/ WORKSHOPS<\/h4>\n<h2 class=\"uppercase\"><span style=\"font-size: 95%;\"><strong>EVENTOS CORPORATIVOS<\/strong><\/span><\/h2>\n\n              <\/div>\n           <\/div>\n                            \n<style>\n#text-box-1042289267 {\n  width: 100%;\n}\n#text-box-1042289267 .text-box-content {\n  font-size: 100%;\n}\n<\/style>\n    <\/div>\n \n\n        <\/div>\n      <\/div>\n\n            \n<style>\n#banner-1281777511 {\n  padding-top: 200px;\n}\n#banner-1281777511 .bg.bg-loaded {\n  background-image: url(https:\/\/ecosdelmediterraneo.com\/wp-content\/uploads\/2023\/10\/Corporate-01.jpeg);\n}\n#banner-1281777511 .overlay {\n  background-color: rgba(0, 0, 0, 0.2);\n}\n<\/style>\n  <\/div>\n\n\n\n\t\t<\/div>\n\t\t\t\t\t<\/div>\n\n\t\n\n<\/div>\n<div class=\"row\"  id=\"row-1399930655\">\n\n\n\t<div id=\"col-1565113371\" class=\"col small-12 large-12\"  >\n\t\t\t\t<div class=\"col-inner\"  >\n\t\t\t\n\t\t\t\n\n<p><strong><span style=\"font-size: 120%;\">Convertimos su visi\u00f3n en realidad<\/span><\/strong><\/p>\n<p>Ofrecemos servicios de planificaci\u00f3n, dise\u00f1o y producci\u00f3n. Conceptualizamos, creamos y dise\u00f1amos un aspecto cohesivo para eventos, bodas y celebraciones. Ejecutamos el dise\u00f1o a trav\u00e9s de una gama completa de servicios de planificaci\u00f3n y producci\u00f3n para entregar tu visi\u00f3n, sin defectos.<\/p>\n<p><strong><br \/><\/strong>Lo mejor de los recuerdos es crearlos. Nosotros nos encargamos del resto.<\/p>\n<p>Como es nuestro estilo desde hace algunos a\u00f1os, coordinamos un n\u00famero selecto de eventos anualmente y ofrecemos una experiencia cuidadosamente seleccionada a un n\u00famero exclusivo de clientes.<\/p>\n\n\t\t<\/div>\n\t\t\t\t\t<\/div>\n\n\t\n\n<\/div>\n<div class=\"text-center\"><div class=\"is-divider divider clearfix\" style=\"max-width:600px;background-color:rgb(162, 147, 147);\"><\/div><\/div>\n\n\t<div id=\"text-2486152859\" class=\"text\">\n\t\t\n\n<h3>F.A.Q. Preguntas frecuentes<\/h3>\n\t\t\n<style>\n#text-2486152859 {\n  text-align: center;\n}\n<\/style>\n\t<\/div>\n\t\n<div class=\"row\"  id=\"row-1327134647\">\n\n\n\t<div id=\"col-162732332\" class=\"col medium-12 small-12 large-6\"  >\n\t\t\t\t<div class=\"col-inner\"  >\n\t\t\t\n\t\t\t\n\n<div class=\"accordion\">\n\n\t<div id=\"accordion-1361376786\" class=\"accordion-item\">\n\t\t<a id=\"accordion-1361376786-label\" class=\"accordion-title plain\" href=\"#accordion-item-\u00bfqu\u00e9_hace_un_coordinador_de_eventos?\" aria-expanded=\"false\" aria-controls=\"accordion-1361376786-content\" >\n\t\t\t<button class=\"toggle\" aria-label=\"Toggle\"><i class=\"icon-angle-down\"><\/i><\/button>\n\t\t\t<span>\u00bfQu\u00e9 hace un coordinador de eventos?<\/span>\n\t\t<\/a>\n\t\t<div id=\"accordion-1361376786-content\" class=\"accordion-inner\" aria-labelledby=\"accordion-1361376786-label\" >\n\t\t\t\n\n<p>Un coordinador de eventos gestiona y supervisa diversos aspectos de tu evento para garantizar que se desarrolle sin problemas. Te ayudamos a mantenerte organizado y te ofrecemos herramientas para reducir el estr\u00e9s y prepararte para tu gran evento. Ejecutamos tu l\u00ednea de tiempo en persona en el lugar que elijas.<\/p>\n\n\t\t<\/div>\n\t<\/div>\n\t\n\t<div id=\"accordion-2306445608\" class=\"accordion-item\">\n\t\t<a id=\"accordion-2306445608-label\" class=\"accordion-title plain\" href=\"#accordion-item-\u00bfpor_qu\u00e9_deber\u00eda_contratar_a_un_coordinador_de_eventos?\" aria-expanded=\"false\" aria-controls=\"accordion-2306445608-content\" >\n\t\t\t<button class=\"toggle\" aria-label=\"Toggle\"><i class=\"icon-angle-down\"><\/i><\/button>\n\t\t\t<span>\u00bfPor qu\u00e9 deber\u00eda contratar a un coordinador de eventos?<\/span>\n\t\t<\/a>\n\t\t<div id=\"accordion-2306445608-content\" class=\"accordion-inner\" aria-labelledby=\"accordion-2306445608-label\" >\n\t\t\t\n\n<p>Contratar a un coordinador reduce el estr\u00e9s, ahorra tiempo y garantiza un evento bien ejecutado. Nuestros coordinadores pueden ayudarte a ahorrar dinero gui\u00e1ndote en decisiones importantes como el lugar de la celebraci\u00f3n.<\/p>\n\n\t\t<\/div>\n\t<\/div>\n\t\n\t<div id=\"accordion-876476601\" class=\"accordion-item\">\n\t\t<a id=\"accordion-876476601-label\" class=\"accordion-title plain\" href=\"#accordion-item-\u00bfqu\u00e9_servicios_incluye_el_paquete_de_coordinaci\u00f3n?\" aria-expanded=\"false\" aria-controls=\"accordion-876476601-content\" >\n\t\t\t<button class=\"toggle\" aria-label=\"Toggle\"><i class=\"icon-angle-down\"><\/i><\/button>\n\t\t\t<span>\u00bfQu\u00e9 servicios incluye el paquete de coordinaci\u00f3n?<\/span>\n\t\t<\/a>\n\t\t<div id=\"accordion-876476601-content\" class=\"accordion-inner\" aria-labelledby=\"accordion-876476601-label\" >\n\t\t\t\n\n<p>Ofrecemos un paquete compresivo para ayudarte con su evento. Nuestros servicios se mencionan en cada secci\u00f3n.<\/p>\n\n\t\t<\/div>\n\t<\/div>\n\t\n\t<div id=\"accordion-2453494444\" class=\"accordion-item\">\n\t\t<a id=\"accordion-2453494444-label\" class=\"accordion-title plain\" href=\"#accordion-item-\u00bfc\u00f3mo_adaptan_los_servicios_a_las_necesidades_espec\u00edficas_de_mi_evento?\" aria-expanded=\"false\" aria-controls=\"accordion-2453494444-content\" >\n\t\t\t<button class=\"toggle\" aria-label=\"Toggle\"><i class=\"icon-angle-down\"><\/i><\/button>\n\t\t\t<span>\u00bfC\u00f3mo adaptan los servicios a las necesidades espec\u00edficas de mi evento?<\/span>\n\t\t<\/a>\n\t\t<div id=\"accordion-2453494444-content\" class=\"accordion-inner\" aria-labelledby=\"accordion-2453494444-label\" >\n\t\t\t\n\n<p>Dedicaremos tiempo a conocerte, haci\u00e9ndote las preguntas fundamentales para la realizaci\u00f3n de un evento. Nuestras recomendaciones se ajustar\u00e1n a tu visi\u00f3n general y a la experiencia que deseas lograr.<\/p>\n\n\t\t<\/div>\n\t<\/div>\n\t\n\t<div id=\"accordion-1901990005\" class=\"accordion-item\">\n\t\t<a id=\"accordion-1901990005-label\" class=\"accordion-title plain\" href=\"#accordion-item-\u00bfla_empresa_se_encarga_de_todo?\" aria-expanded=\"false\" aria-controls=\"accordion-1901990005-content\" >\n\t\t\t<button class=\"toggle\" aria-label=\"Toggle\"><i class=\"icon-angle-down\"><\/i><\/button>\n\t\t\t<span>\u00bfLa empresa se encarga de todo?<\/span>\n\t\t<\/a>\n\t\t<div id=\"accordion-1901990005-content\" class=\"accordion-inner\" aria-labelledby=\"accordion-1901990005-label\" >\n\t\t\t\n\n<p>Tenemos varios planes de acuerdo a lo que prefieras y a tu presupuesto. Podemos encargarnos de absolutamente todo de acuerdo a tus gustos o s\u00f3lo de algunos aspectos. Como t\u00fa prefieras.<\/p>\n\n\t\t<\/div>\n\t<\/div>\n\t\n\n<\/div>\n\n\t\t<\/div>\n\t\t\t\t\t<\/div>\n\n\t\n\n\t<div id=\"col-76815154\" class=\"col medium-12 small-12 large-6\"  >\n\t\t\t\t<div class=\"col-inner\"  >\n\t\t\t\n\t\t\t\n\n<div class=\"accordion\">\n\n\t<div id=\"accordion-2875024957\" class=\"accordion-item\">\n\t\t<a id=\"accordion-2875024957-label\" class=\"accordion-title plain\" href=\"#accordion-item-\u00bfcu\u00e1l_es_el_plazo_habitual_para_la_coordinaci\u00f3n_de_un_evento?\" aria-expanded=\"false\" aria-controls=\"accordion-2875024957-content\" >\n\t\t\t<button class=\"toggle\" aria-label=\"Toggle\"><i class=\"icon-angle-down\"><\/i><\/button>\n\t\t\t<span>\u00bfCu\u00e1l es el plazo habitual para la coordinaci\u00f3n de un evento?<\/span>\n\t\t<\/a>\n\t\t<div id=\"accordion-2875024957-content\" class=\"accordion-inner\" aria-labelledby=\"accordion-2875024957-label\" >\n\t\t\t\n\n<p>Los plazos var\u00edan en funci\u00f3n del evento, pero suelen comenzar con varios meses de antelaci\u00f3n. No importa en qu\u00e9 fase de la planificaci\u00f3n de tu boda te encuentres, \u00a1podemos ayudarte!<\/p>\n\n\t\t<\/div>\n\t<\/div>\n\t\n\t<div id=\"accordion-3474415386\" class=\"accordion-item\">\n\t\t<a id=\"accordion-3474415386-label\" class=\"accordion-title plain\" href=\"#accordion-item-\u00bfc\u00f3mo_manejan_problemas_inesperados_o_emergencias_durante_un_evento?\" aria-expanded=\"false\" aria-controls=\"accordion-3474415386-content\" >\n\t\t\t<button class=\"toggle\" aria-label=\"Toggle\"><i class=\"icon-angle-down\"><\/i><\/button>\n\t\t\t<span>\u00bfC\u00f3mo manejan problemas inesperados o emergencias durante un evento?<\/span>\n\t\t<\/a>\n\t\t<div id=\"accordion-3474415386-content\" class=\"accordion-inner\" aria-labelledby=\"accordion-3474415386-label\" >\n\t\t\t\n\n<p>Contamos con planes de contingencia y personal experimentado para hacer frente a los imprevistos. Recopilamos la informaci\u00f3n de contacto de los proveedores y les llamamos el mismo d\u00eda del evento si surge alg\u00fan problema.<\/p>\n\n\t\t<\/div>\n\t<\/div>\n\t\n\t<div id=\"accordion-1453556006\" class=\"accordion-item\">\n\t\t<a id=\"accordion-1453556006-label\" class=\"accordion-title plain\" href=\"#accordion-item-\u00bfcu\u00e1l_es_el_coste_de_sus_servicios_de_coordinaci\u00f3n_y_qu\u00e9_est\u00e1_incluido_en_el_precio?\" aria-expanded=\"false\" aria-controls=\"accordion-1453556006-content\" >\n\t\t\t<button class=\"toggle\" aria-label=\"Toggle\"><i class=\"icon-angle-down\"><\/i><\/button>\n\t\t\t<span>\u00bfCu\u00e1l es el coste de sus servicios de coordinaci\u00f3n y qu\u00e9 est\u00e1 incluido en el precio?<\/span>\n\t\t<\/a>\n\t\t<div id=\"accordion-1453556006-content\" class=\"accordion-inner\" aria-labelledby=\"accordion-1453556006-label\" >\n\t\t\t\n\n<p>Ofrecemos un paquete y un precio para ayudarte a preparar tu boda.<\/p>\n\n\t\t<\/div>\n\t<\/div>\n\t\n\t<div id=\"accordion-3767919961\" class=\"accordion-item\">\n\t\t<a id=\"accordion-3767919961-label\" class=\"accordion-title plain\" href=\"#accordion-item-\u00bfqu\u00e9_pasos_debo_seguir_para_comenzar_el_proceso_de_coordinaci\u00f3n_con_el_equipo?\" aria-expanded=\"false\" aria-controls=\"accordion-3767919961-content\" >\n\t\t\t<button class=\"toggle\" aria-label=\"Toggle\"><i class=\"icon-angle-down\"><\/i><\/button>\n\t\t\t<span>\u00bfQu\u00e9 pasos debo seguir para comenzar el proceso de coordinaci\u00f3n con el equipo?<\/span>\n\t\t<\/a>\n\t\t<div id=\"accordion-3767919961-content\" class=\"accordion-inner\" aria-labelledby=\"accordion-3767919961-label\" >\n\t\t\t\n\n<p>Despu\u00e9s de revisar nuestros precios y paquetes, nos encantar\u00eda ponernos en contacto contigo. El siguiente paso es una consulta gratuita en la que te explicaremos c\u00f3mo puede ayudarte nuestro equipo.<\/p>\n\n\t\t<\/div>\n\t<\/div>\n\t\n\n<\/div>\n\n\t\t<\/div>\n\t\t\t\t\t<\/div>\n\n\t\n\n<\/div>\n\n\t\t<\/div>\n\n\t\t\n<style>\n#section_886047245 {\n  padding-top: 30px;\n  padding-bottom: 30px;\n}\n<\/style>\n\t<\/section>\n\t\n\n  \n    <div class=\"row large-columns-4 medium-columns-3 small-columns-2 row-small slider row-slider slider-nav-reveal slider-nav-push\"  data-flickity-options='{\"imagesLoaded\": true, \"groupCells\": \"100%\", \"dragThreshold\" : 5, \"cellAlign\": \"left\",\"wrapAround\": true,\"prevNextButtons\": true,\"percentPosition\": true,\"pageDots\": false, \"rightToLeft\": false, \"autoPlay\" : false}' >\n\n  \t<\/div>\n\n\n","protected":false},"excerpt":{"rendered":"","protected":false},"author":1,"featured_media":0,"parent":0,"menu_order":0,"comment_status":"closed","ping_status":"closed","template":"page-transparent-header-light.php","meta":{"footnotes":""},"class_list":["post-62","page","type-page","status-publish","hentry"],"jetpack_sharing_enabled":true,"_links":{"self":[{"href":"https:\/\/ecosdelmediterraneo.com\/index.php?rest_route=\/wp\/v2\/pages\/62","targetHints":{"allow":["GET"]}}],"collection":[{"href":"https:\/\/ecosdelmediterraneo.com\/index.php?rest_route=\/wp\/v2\/pages"}],"about":[{"href":"https:\/\/ecosdelmediterraneo.com\/index.php?rest_route=\/wp\/v2\/types\/page"}],"author":[{"embeddable":true,"href":"https:\/\/ecosdelmediterraneo.com\/index.php?rest_route=\/wp\/v2\/users\/1"}],"replies":[{"embeddable":true,"href":"https:\/\/ecosdelmediterraneo.com\/index.php?rest_route=%2Fwp%2Fv2%2Fcomments&post=62"}],"version-history":[{"count":30,"href":"https:\/\/ecosdelmediterraneo.com\/index.php?rest_route=\/wp\/v2\/pages\/62\/revisions"}],"predecessor-version":[{"id":621,"href":"https:\/\/ecosdelmediterraneo.com\/index.php?rest_route=\/wp\/v2\/pages\/62\/revisions\/621"}],"wp:attachment":[{"href":"https:\/\/ecosdelmediterraneo.com\/index.php?rest_route=%2Fwp%2Fv2%2Fmedia&parent=62"}],"curies":[{"name":"wp","href":"https:\/\/api.w.org\/{rel}","templated":true}]}}