{"id":633,"date":"2024-07-31T14:56:42","date_gmt":"2024-07-31T10:56:42","guid":{"rendered":"https:\/\/ecosdelmediterraneo.com\/?page_id=633"},"modified":"2024-11-08T16:30:50","modified_gmt":"2024-11-08T12:30:50","slug":"633-2","status":"publish","type":"page","link":"https:\/\/ecosdelmediterraneo.com\/?page_id=633","title":{"rendered":"Harmony"},"content":{"rendered":"\n<div class=\"slider-wrapper relative\" id=\"slider-1664476124\" >\n    <div class=\"slider slider-nav-circle slider-nav-large slider-nav-light slider-style-normal\"\n        data-flickity-options='{\n            \"cellAlign\": \"center\",\n            \"imagesLoaded\": true,\n            \"lazyLoad\": 1,\n            \"freeScroll\": false,\n            \"wrapAround\": true,\n            \"autoPlay\": 6000,\n            \"pauseAutoPlayOnHover\" : true,\n            \"prevNextButtons\": false,\n            \"contain\" : true,\n            \"adaptiveHeight\" : true,\n            \"dragThreshold\" : 10,\n            \"percentPosition\": true,\n            \"pageDots\": false,\n            \"rightToLeft\": false,\n            \"draggable\": true,\n            \"selectedAttraction\": 0.1,\n            \"parallax\" : 0,\n            \"friction\": 0.6        }'\n        >\n        \n\n\n  <div class=\"banner has-hover\" id=\"banner-81250338\">\n          <div class=\"banner-inner fill\">\n        <div class=\"banner-bg fill\" >\n            <div class=\"bg fill bg-fill \"><\/div>\n                        <div class=\"overlay\"><\/div>            \n                    <\/div>\n\t\t\n        <div class=\"banner-layers container\">\n            <div class=\"fill banner-link\"><\/div>            \n\n   <div id=\"text-box-1855472656\" class=\"text-box banner-layer x50 md-x50 lg-x50 y50 md-y50 lg-y50 res-text\">\n                     <div data-animate=\"flipInY\">           <div class=\"text-box-content text dark\">\n              \n              <div class=\"text-inner text-center\">\n                  \n\n<h1 class=\"h-large uppercase\" style=\"text-align: center;\"><span style=\"font-size: 160%;\"><strong>harmony<\/strong><\/span><\/h1>\n<h1 class=\"uppercase\" style=\"text-align: center;\"><span style=\"font-size: 20.736px;\">COORDINAMOS TUS PROVEEDORES Y DIRIGIMOS TU BODA<\/span><\/h1>\n\n              <\/div>\n           <\/div>\n       <\/div>                     \n<style>\n#text-box-1855472656 {\n  width: 100%;\n}\n#text-box-1855472656 .text-box-content {\n  font-size: 100%;\n}\n@media (min-width:550px) {\n  #text-box-1855472656 {\n    width: 100%;\n  }\n}\n<\/style>\n    <\/div>\n \n\n        <\/div>\n      <\/div>\n\n            \n<style>\n#banner-81250338 {\n  padding-top: 600px;\n}\n#banner-81250338 .bg.bg-loaded {\n  background-image: url(https:\/\/ecosdelmediterraneo.com\/wp-content\/uploads\/2024\/07\/Planning-09.jpeg);\n}\n#banner-81250338 .overlay {\n  background-color: rgba(0, 0, 0, 0.02);\n}\n#banner-81250338 .bg {\n  background-position: 69% 10%;\n}\n<\/style>\n  <\/div>\n\n\n\n  <div class=\"banner has-hover\" id=\"banner-648520154\">\n          <div class=\"banner-inner fill\">\n        <div class=\"banner-bg fill\" >\n            <div class=\"bg fill bg-fill \"><\/div>\n                        <div class=\"overlay\"><\/div>            \n                    <\/div>\n\t\t\n        <div class=\"banner-layers container\">\n            <div class=\"fill banner-link\"><\/div>            \n\n\n        <\/div>\n      <\/div>\n\n            \n<style>\n#banner-648520154 {\n  padding-top: 600px;\n}\n#banner-648520154 .bg.bg-loaded {\n  background-image: url(https:\/\/ecosdelmediterraneo.com\/wp-content\/uploads\/2023\/10\/Castillo-Soutomaior-1-1024x682.jpg);\n}\n#banner-648520154 .overlay {\n  background-color: rgba(0, 0, 0, 0.03);\n}\n#banner-648520154 .bg {\n  background-position: 48% 71%;\n}\n<\/style>\n  <\/div>\n\n\n\n     <\/div>\n\n     <div class=\"loading-spin dark large centered\"><\/div>\n\n\t<\/div>\n\n\n<div class=\"row row-full-width\"  id=\"row-708569160\">\n\n\n\t<div id=\"col-1902415985\" class=\"col medium-4 small-12 large-4\"  >\n\t\t\t\t<div class=\"col-inner\"  >\n\t\t\t\n\t\t\t\n\n\n  <div class=\"banner has-hover bg-zoom-fade\" id=\"banner-420289191\">\n          <div class=\"banner-inner fill\">\n        <div class=\"banner-bg fill\" >\n            <div class=\"bg fill bg-fill \"><\/div>\n                                    \n                    <\/div>\n\t\t\n        <div class=\"banner-layers container\">\n            <a class=\"fill\" href=\"https:\/\/ecosdelmediterraneo.com\/?page_id=100\" ><div class=\"fill banner-link\"><\/div><\/a>            \n\n   <div id=\"text-box-269166223\" class=\"text-box banner-layer x50 md-x50 lg-x50 y50 md-y50 lg-y50 res-text\">\n                                <div class=\"text-box-content text dark text-shadow-4\">\n              \n              <div class=\"text-inner text-center\">\n                  \n\n<h1><a href=\"https:\/\/ecosdelmediterraneo.com\/?page_id=100\"><span style=\"font-size: 100%; font-family: seaways;\">Signature<\/span><\/a><\/h1>\n\n              <\/div>\n           <\/div>\n                            \n<style>\n#text-box-269166223 {\n  width: 60%;\n}\n#text-box-269166223 .text-box-content {\n  font-size: 100%;\n}\n<\/style>\n    <\/div>\n \n   <div id=\"text-box-1491990906\" class=\"text-box banner-layer x0 md-x0 lg-x0 y0 md-y0 lg-y0 res-text\">\n                                <div class=\"text-box-content text dark\">\n              \n              <div class=\"text-inner text-center\">\n                  \n\n<p><span style=\"font-family: arial, helvetica, sans-serif; font-size: 200%;\">Servicio Premium Taylor-Made<\/span><\/p>\n\n              <\/div>\n           <\/div>\n                            \n<style>\n#text-box-1491990906 {\n  width: 100%;\n}\n#text-box-1491990906 .text-box-content {\n  font-size: 100%;\n}\n@media (min-width:550px) {\n  #text-box-1491990906 {\n    width: 60%;\n  }\n}\n<\/style>\n    <\/div>\n \n\n        <\/div>\n      <\/div>\n\n            \n<style>\n#banner-420289191 {\n  padding-top: 200px;\n}\n#banner-420289191 .bg.bg-loaded {\n  background-image: url(https:\/\/ecosdelmediterraneo.com\/wp-content\/uploads\/2023\/11\/Fin-de-ano.jpg);\n}\n<\/style>\n  <\/div>\n\n\n\n\t\t<\/div>\n\t\t\t\t\t<\/div>\n\n\t\n\n\t<div id=\"col-867257344\" class=\"col medium-4 small-12 large-4\"  >\n\t\t\t\t<div class=\"col-inner\"  >\n\t\t\t\n\t\t\t\n\n\n  <div class=\"banner has-hover bg-zoom-fade\" id=\"banner-286891073\">\n          <div class=\"banner-inner fill\">\n        <div class=\"banner-bg fill\" >\n            <div class=\"bg fill bg-fill \"><\/div>\n                                    \n                    <\/div>\n\t\t\n        <div class=\"banner-layers container\">\n            <a class=\"fill\" href=\"https:\/\/ecosdelmediterraneo.com\/?page_id=633\" ><div class=\"fill banner-link\"><\/div><\/a>            \n\n   <div id=\"text-box-543181213\" class=\"text-box banner-layer x50 md-x50 lg-x50 y50 md-y50 lg-y50 res-text\">\n                                <div class=\"text-box-content text dark text-shadow-4\">\n              \n              <div class=\"text-inner text-center\">\n                  \n\n<h1><a href=\"https:\/\/ecosdelmediterraneo.com\/?page_id=633\" data-wplink-edit=\"true\"><span style=\"font-family: seaways; font-size: 100%;\">Harmony<\/span><\/a><\/h1>\n\n              <\/div>\n           <\/div>\n                            \n<style>\n#text-box-543181213 {\n  width: 60%;\n}\n#text-box-543181213 .text-box-content {\n  font-size: 100%;\n}\n<\/style>\n    <\/div>\n \n   <div id=\"text-box-1225532163\" class=\"text-box banner-layer x0 md-x0 lg-x0 y0 md-y0 lg-y0 res-text\">\n                                <div class=\"text-box-content text dark\">\n              \n              <div class=\"text-inner text-center\">\n                  \n\n<p><span style=\"font-family: arial, helvetica, sans-serif; font-size: 200%;\">Coordinaci\u00f3n de la Boda<\/span><\/p>\n\n              <\/div>\n           <\/div>\n                            \n<style>\n#text-box-1225532163 {\n  width: 100%;\n}\n#text-box-1225532163 .text-box-content {\n  font-size: 100%;\n}\n@media (min-width:550px) {\n  #text-box-1225532163 {\n    width: 60%;\n  }\n}\n<\/style>\n    <\/div>\n \n\n        <\/div>\n      <\/div>\n\n            \n<style>\n#banner-286891073 {\n  padding-top: 200px;\n}\n#banner-286891073 .bg.bg-loaded {\n  background-image: url(https:\/\/ecosdelmediterraneo.com\/wp-content\/uploads\/2024\/10\/Planning-03.jpeg);\n}\n#banner-286891073 .bg {\n  background-position: 21% 11%;\n}\n<\/style>\n  <\/div>\n\n\n\n\t\t<\/div>\n\t\t\t\t\t<\/div>\n\n\t\n\n\t<div id=\"col-1977773463\" class=\"col medium-4 small-12 large-4\"  >\n\t\t\t\t<div class=\"col-inner\"  >\n\t\t\t\n\t\t\t\n\n\n  <div class=\"banner has-hover bg-zoom-fade\" id=\"banner-1880934816\">\n          <div class=\"banner-inner fill\">\n        <div class=\"banner-bg fill\" >\n            <div class=\"bg fill bg-fill \"><\/div>\n                                    \n                    <\/div>\n\t\t\n        <div class=\"banner-layers container\">\n            <a class=\"fill\" href=\"https:\/\/ecosdelmediterraneo.com\/?page_id=109\" ><div class=\"fill banner-link\"><\/div><\/a>            \n\n   <div id=\"text-box-1288903530\" class=\"text-box banner-layer x50 md-x50 lg-x50 y50 md-y50 lg-y50 res-text\">\n                                <div class=\"text-box-content text dark\">\n              \n              <div class=\"text-inner text-center\">\n                  \n\n<h1><a href=\"https:\/\/ecosdelmediterraneo.com\/?page_id=109\"><span style=\"font-family: seaways; font-size: 100%;\">Select<\/span><\/a><\/h1>\n\n              <\/div>\n           <\/div>\n                            \n<style>\n#text-box-1288903530 {\n  width: 60%;\n}\n#text-box-1288903530 .text-box-content {\n  font-size: 100%;\n}\n<\/style>\n    <\/div>\n \n   <div id=\"text-box-703533441\" class=\"text-box banner-layer x0 md-x0 lg-x0 y100 md-y100 lg-y100 res-text\">\n                                <div class=\"text-box-content text dark\">\n              \n              <div class=\"text-inner text-center\">\n                  \n\n<p><span style=\"font-family: arial, helvetica, sans-serif; font-size: 200%;\">Gesti\u00f3n de Proveedores<\/span><\/p>\n\n              <\/div>\n           <\/div>\n                            \n<style>\n#text-box-703533441 {\n  width: 100%;\n}\n#text-box-703533441 .text-box-content {\n  font-size: 100%;\n}\n@media (min-width:550px) {\n  #text-box-703533441 {\n    width: 60%;\n  }\n}\n<\/style>\n    <\/div>\n \n\n        <\/div>\n      <\/div>\n\n            \n<style>\n#banner-1880934816 {\n  padding-top: 200px;\n}\n#banner-1880934816 .bg.bg-loaded {\n  background-image: url(https:\/\/ecosdelmediterraneo.com\/wp-content\/uploads\/2024\/10\/Torta-1-1024x683.jpg);\n}\n#banner-1880934816 .bg {\n  background-position: 2% 20%;\n}\n<\/style>\n  <\/div>\n\n\n\n\t\t<\/div>\n\t\t\t\t\t<\/div>\n\n\t\n\n<\/div>\n\t<section class=\"section\" id=\"section_1508236550\">\n\t\t<div class=\"bg section-bg fill bg-fill  bg-loaded\" >\n\n\t\t\t\n\t\t\t\n\t\t\t\n\n\t\t<\/div>\n\n\t\t\n\n\t\t<div class=\"section-content relative\">\n\t\t\t\n\n<div class=\"row\"  id=\"row-1526592100\">\n\n\n\t<div id=\"col-618886976\" class=\"col small-12 large-12\"  >\n\t\t\t\t<div class=\"col-inner\"  >\n\t\t\t\n\t\t\t\n\n<p>Aunque eres una novia super organizada y te encanta hacerlo todo t\u00fa misma, <strong>el d\u00eda de tu boda no es un d\u00eda cualquiera, es el mejor d\u00eda de tu vida.\u00a0<\/strong><\/p>\n<p><strong>Olv\u00eddate de estresarte con los cambios o cancelaciones de \u00faltima hora,<\/strong> de estar pendiente de los proveedores contratados, si se cumplen los tiempos, si la decoraci\u00f3n est\u00e1 tal como la contrataste, o tus invitados est\u00e1n perfectamente atendidos&#8230;<\/p>\n<p><strong>Deja que nos encarguemos de la coordinaci\u00f3n de tu boda, solo as\u00ed conseguir\u00e1s disfrutar como nunca de este d\u00eda \u00fanico.<\/strong><\/p>\n<p>Meses antes nos contar\u00e1s en detalle todo lo que has planificado. Programaremos el d\u00eda de vuestra boda en detalle para tenerlo todo bajo control y por supuesto os acompa\u00f1aremos durante la celebraci\u00f3n de vuestra boda.<\/p>\n<div class=\"row\"  id=\"row-218923472\">\n\n\n\t<div id=\"col-1145303081\" class=\"col small-12 large-12\"  >\n\t\t\t\t<div class=\"col-inner\"  >\n\t\t\t\n\t\t\t\n\n<div class=\"row\"  id=\"row-1193152151\">\n\n\n\t<div id=\"col-2104754165\" class=\"col medium-6 small-12 large-6\"  >\n\t\t\t\t<div class=\"col-inner\"  >\n\t\t\t\n\t\t\t\n\n<div class=\"elementor-column elementor-col-50 elementor-top-column elementor-element elementor-element-d422566\" data-id=\"d422566\" data-element_type=\"column\">\n<div class=\"elementor-column-wrap elementor-element-populated\">\n<div class=\"elementor-widget-wrap\">\n<div class=\"elementor-element elementor-element-5089c7b elementor-widget__width-initial elementor-widget-tablet__width-inherit elementor-widget elementor-widget-text-editor\" data-id=\"5089c7b\" data-element_type=\"widget\" data-widget_type=\"text-editor.default\">\n<div class=\"elementor-widget-container\">\n<div><span style=\"font-size: 120%;\"><strong>\u00bfQu\u00e9 haremos?<\/strong><\/span><\/div>\n<div>\u00a0<\/div>\n<ul>\n<li><i class=\"fa fa-circle\"><\/i><span style=\"font-size: 100%;\"><strong>Toma de contacto<\/strong>. Es hora de sentarnos, tomarnos un caf\u00e9 y que nos cuentes en detalle. Queremos saber todo lo que has organizado en todo este tiempo.<\/span><\/li>\n<li><span style=\"font-size: 100%;\"><strong style=\"color: #555555;\">Planificaremos juntos el d\u00eda de la boda<\/strong><span style=\"color: #555555;\">, Prepararemos un timing de lo m\u00e1s detallado para que no dejar nada al azar.<\/span><\/span><\/li>\n<li><span style=\"font-size: 100%;\"><strong style=\"color: #555555;\">Te asesoraremos en protocolo<\/strong><span style=\"color: #555555;\">, te ayudaremos para que la ceremonia y todo el evento sea como t\u00fa quieras.<\/span><\/span><\/li>\n<li><span style=\"font-size: 100%;\"><span style=\"color: #555555;\">Dos personas del equipo <\/span><strong style=\"color: #555555;\">coordinaremos todo el evento<\/strong><span style=\"color: #555555;\"> para que salga todo perfecto. Os acompa\u00f1aremos durante el d\u00eda para que no est\u00e9is pendientes de nada.<\/span><\/span><\/li>\n<li><i class=\"fa fa-circle\"><\/i><span style=\"font-size: 100%;\"><strong>Durante el evento supervisaremos los tiempos<\/strong> para que todo fluya y salga como se ha establecido antes con cada proveedor.<\/span><\/li>\n<li><span style=\"font-size: 100%;\"><strong>Ante cualquier emergencia,\u00a0<\/strong>\u00a0estamos m\u00e1s que acostumbrados a solucionar de forma expr\u00e9s todo lo que pueda pasar.<\/span><\/li>\n<\/ul>\n<\/div>\n<\/div>\n<\/div>\n<\/div>\n<\/div>\n<div class=\"elementor-column elementor-col-50 elementor-top-column elementor-element elementor-element-1b7300d\" data-id=\"1b7300d\" data-element_type=\"column\">\n<div class=\"elementor-column-wrap elementor-element-populated\">\n<div class=\"elementor-widget-wrap\">\n<div class=\"elementor-element elementor-element-e1245f6 elementor-widget__width-initial elementor-widget-tablet__width-inherit elementor-widget elementor-widget-text-editor\" data-id=\"e1245f6\" data-element_type=\"widget\" data-widget_type=\"text-editor.default\">\n<div class=\"elementor-widget-container\">\n<div class=\"elementor-text-editor elementor-clearfix\">\u00a0<\/div>\n<\/div>\n<\/div>\n<\/div>\n<\/div>\n<\/div>\n\n\t\t<\/div>\n\t\t\t\t\t<\/div>\n\n\t\n\n\t<div id=\"col-618543802\" class=\"col medium-6 small-12 large-6\"  >\n\t\t\t\t<div class=\"col-inner\"  >\n\t\t\t\n\t\t\t\n\n\t<div id=\"gap-711845421\" class=\"gap-element clearfix\" style=\"display:block; height:auto;\">\n\t\t\n<style>\n#gap-711845421 {\n  padding-top: 50px;\n}\n<\/style>\n\t<\/div>\n\t\n\n\t<div class=\"img has-hover x md-x lg-x y md-y lg-y\" id=\"image_1278839325\">\n\t\t\t\t\t\t\t\t<div class=\"img-inner dark\" >\n\t\t\t<img loading=\"lazy\" decoding=\"async\" width=\"300\" height=\"218\" src=\"https:\/\/ecosdelmediterraneo.com\/wp-content\/uploads\/2024\/07\/Catering-08-300x218.jpeg\" class=\"attachment-medium size-medium\" alt=\"\" srcset=\"https:\/\/ecosdelmediterraneo.com\/wp-content\/uploads\/2024\/07\/Catering-08-300x218.jpeg 300w, https:\/\/ecosdelmediterraneo.com\/wp-content\/uploads\/2024\/07\/Catering-08-768x559.jpeg 768w, https:\/\/ecosdelmediterraneo.com\/wp-content\/uploads\/2024\/07\/Catering-08-600x437.jpeg 600w, https:\/\/ecosdelmediterraneo.com\/wp-content\/uploads\/2024\/07\/Catering-08.jpeg 1000w\" sizes=\"auto, (max-width: 300px) 100vw, 300px\" \/>\t\t\t\t\t\t\n\t\t\t\t\t<\/div>\n\t\t\t\t\t\t\t\t\n<style>\n#image_1278839325 {\n  width: 100%;\n}\n<\/style>\n\t<\/div>\n\t\n\n\n\t\t<\/div>\n\t\t\t\t\t<\/div>\n\n\t\n\n<\/div>\n\n\t\t<\/div>\n\t\t\t\t\t<\/div>\n\n\t\n\n<\/div>\n\n\t\t<\/div>\n\t\t\t\t\t<\/div>\n\n\t\n\n<\/div>\n\n\t\t<\/div>\n\n\t\t\n<style>\n#section_1508236550 {\n  padding-top: 30px;\n  padding-bottom: 30px;\n}\n<\/style>\n\t<\/section>\n\t\n\t<section class=\"section dark\" id=\"section_1263393755\">\n\t\t<div class=\"bg section-bg fill bg-fill  bg-loaded\" >\n\n\t\t\t\n\t\t\t\n\t\t\t\n\n\t\t<\/div>\n\n\t\t\n\n\t\t<div class=\"section-content relative\">\n\t\t\t\n\n<div class=\"row\"  id=\"row-52463982\">\n\n\n\t<div id=\"col-852663318\" class=\"col small-12 large-12\"  >\n\t\t\t\t<div class=\"col-inner\" style=\"background-color:#446084;\" >\n\t\t\t\n\t\t\t\n\n<div class=\"slider-wrapper relative\" id=\"slider-1255184043\" >\n    <div class=\"slider slider-nav-dots-square slider-nav-simple slider-nav-normal slider-nav-light slider-style-normal\"\n        data-flickity-options='{\n            \"cellAlign\": \"center\",\n            \"imagesLoaded\": true,\n            \"lazyLoad\": 1,\n            \"freeScroll\": false,\n            \"wrapAround\": true,\n            \"autoPlay\": 6000,\n            \"pauseAutoPlayOnHover\" : true,\n            \"prevNextButtons\": true,\n            \"contain\" : true,\n            \"adaptiveHeight\" : true,\n            \"dragThreshold\" : 10,\n            \"percentPosition\": true,\n            \"pageDots\": false,\n            \"rightToLeft\": false,\n            \"draggable\": true,\n            \"selectedAttraction\": 0.1,\n            \"parallax\" : 0,\n            \"friction\": 0.6        }'\n        >\n        \n\n<div class=\"row align-center\"  id=\"row-1141779926\">\n\n\n\t<div id=\"col-299419064\" class=\"col medium-10 small-11 large-12\"  >\n\t\t\t\t<div class=\"col-inner text-center\"  >\n\t\t\t\n\t\t\t\n\n\n\t\t<div class=\"icon-box featured-box circle icon-box-center text-center\"  >\n\t\t\t\t<div class=\"icon-box-text last-reset\">\n\t\t\t\t\t\t\t\t\t\n\n<p><em>\u00abContratamos a Ecos del mediterr\u00e1neo para la gesti\u00f3n del propio d\u00eda B y agradeceremos eternamente el momento en el que decidimos hacerlo. Siempre atentos y dispuestos, ayuda con los proveedores, con el caos de ultima hora&#8230; Y todo siempre con una sonrisa, unos cracks.<\/em><br \/><em>Encantad\u00edsimos de haberlos conocido y la recomendaremos siempre\u00bb<\/em><\/p>\n\n\t\t<\/div>\n\t<\/div>\n\t\n\t\n<div class=\"is-divider divider clearfix\" style=\"height:2px;\"><\/div>\n\n<h6>Fernanda J.<\/h6>\n\n\t\t<\/div>\n\t\t\t\t\t<\/div>\n\n\t\n\n<\/div>\n<div class=\"row align-center\"  id=\"row-620443319\">\n\n\n\t<div id=\"col-812540518\" class=\"col medium-10 small-11 large-12\"  >\n\t\t\t\t<div class=\"col-inner text-center\"  >\n\t\t\t\n\t\t\t\n\n\n\t\t<div class=\"icon-box featured-box circle icon-box-center text-center\"  >\n\t\t\t\t<div class=\"icon-box-text last-reset\">\n\t\t\t\t\t\t\t\t\t\n\n<p><em>\u00abLo que habiamos so\u00f1ado, Maria e Inma cumplieron y superaron nuestras expectativas, la decoraci\u00f3n fue preciosa nos escucharon en todo momento, nos aconsejaron y el resultado fue de 10!<\/em><br \/><em>La organizaci\u00f3n no pudo ser mas perfecta, los invitados quedaron encantados con ellos y nosotros a\u00fan m\u00e1s, de verdad no tendremos tiempo para seguir agradeci\u00e9ndole todo lo que hizo por nosotros.<\/em><br \/><em>Nos encanto, y encanto a nuestros invitados, mil gracias de todo coraz\u00f3n.\u00bb<\/em><\/p>\n\n\t\t<\/div>\n\t<\/div>\n\t\n\t\n<div class=\"is-divider divider clearfix\" style=\"height:2px;\"><\/div>\n\n<h6>Esteban R.<\/h6>\n\n\t\t<\/div>\n\t\t\t\t\t<\/div>\n\n\t\n\n<\/div>\n<div class=\"row align-center\"  id=\"row-1462387953\">\n\n\n\t<div id=\"col-290904806\" class=\"col medium-10 small-11 large-8\"  >\n\t\t\t\t<div class=\"col-inner text-center\"  >\n\t\t\t\n\t\t\t\n\n\n\t\t<div class=\"icon-box featured-box circle icon-box-center text-center\"  >\n\t\t\t\t<div class=\"icon-box-text last-reset\">\n\t\t\t\t\t\t\t\t\t\n\n<p><em>\u00abMaxi y Maria son un duo de profesionales que nos ayudaron de forma determinante a que nuestra boda saliera tal y como habiamos so\u00f1ado, tienen mil alternativas y opciones para todo lo que se pueda necesitar y hacen una labor de seguimiento excelente para que no se pase ningun asunto. El dia de la boda fue incre\u00edble, todo en tiempo y sin agobios, muy natural, propio de la experiencia que tienen\u00bb<\/em><\/p>\n\n\t\t<\/div>\n\t<\/div>\n\t\n\t\n<div class=\"is-divider divider clearfix\" style=\"height:2px;\"><\/div>\n\n<h6>H\u00e9ctor H.<\/h6>\n\n\t\t<\/div>\n\t\t\t\t\t<\/div>\n\n\t\n\n<\/div>\n\n     <\/div>\n\n     <div class=\"loading-spin dark large centered\"><\/div>\n\n\t<\/div>\n\n\n\n\t\t<\/div>\n\t\t\t\t\n<style>\n#col-852663318 > .col-inner {\n  padding: 5% 0px 0px 0px;\n  margin: -200px 0px 0px 0px;\n}\n<\/style>\n\t<\/div>\n\n\t\n\n\n<style>\n#row-52463982 > .col > .col-inner {\n  background-color: #2e36ff;\n}\n<\/style>\n<\/div>\n\n\t\t<\/div>\n\n\t\t\n<style>\n#section_1263393755 {\n  padding-top: 70px;\n  padding-bottom: 70px;\n  background-color: rgb(255, 255, 255);\n}\n<\/style>\n\t<\/section>\n\t\n\n","protected":false},"excerpt":{"rendered":"","protected":false},"author":1,"featured_media":0,"parent":0,"menu_order":0,"comment_status":"closed","ping_status":"closed","template":"page-blank.php","meta":{"footnotes":""},"class_list":["post-633","page","type-page","status-publish","hentry"],"jetpack_sharing_enabled":true,"_links":{"self":[{"href":"https:\/\/ecosdelmediterraneo.com\/index.php?rest_route=\/wp\/v2\/pages\/633","targetHints":{"allow":["GET"]}}],"collection":[{"href":"https:\/\/ecosdelmediterraneo.com\/index.php?rest_route=\/wp\/v2\/pages"}],"about":[{"href":"https:\/\/ecosdelmediterraneo.com\/index.php?rest_route=\/wp\/v2\/types\/page"}],"author":[{"embeddable":true,"href":"https:\/\/ecosdelmediterraneo.com\/index.php?rest_route=\/wp\/v2\/users\/1"}],"replies":[{"embeddable":true,"href":"https:\/\/ecosdelmediterraneo.com\/index.php?rest_route=%2Fwp%2Fv2%2Fcomments&post=633"}],"version-history":[{"count":17,"href":"https:\/\/ecosdelmediterraneo.com\/index.php?rest_route=\/wp\/v2\/pages\/633\/revisions"}],"predecessor-version":[{"id":779,"href":"https:\/\/ecosdelmediterraneo.com\/index.php?rest_route=\/wp\/v2\/pages\/633\/revisions\/779"}],"wp:attachment":[{"href":"https:\/\/ecosdelmediterraneo.com\/index.php?rest_route=%2Fwp%2Fv2%2Fmedia&parent=633"}],"curies":[{"name":"wp","href":"https:\/\/api.w.org\/{rel}","templated":true}]}}